{"id":10862,"date":"2022-08-24T10:08:12","date_gmt":"2022-08-24T10:08:12","guid":{"rendered":"https:\/\/siteniincele.com\/rinex\/?page_id=10862"},"modified":"2022-08-24T14:29:22","modified_gmt":"2022-08-24T14:29:22","slug":"about-us","status":"publish","type":"page","link":"https:\/\/rinextd.com\/en\/about-us\/","title":{"rendered":"About Us"},"content":{"rendered":"\t\t<div data-elementor-type=\"wp-page\" data-elementor-id=\"10862\" class=\"elementor elementor-10862\">\n\t\t\t\t\t\t\t\t\t<section class=\"elementor-section elementor-top-section elementor-element elementor-element-60e7fe2 elementor-section-full_width elementor-section-height-default elementor-section-height-default\" data-id=\"60e7fe2\" data-element_type=\"section\">\n\t\t\t\t\t\t<div class=\"elementor-container elementor-column-gap-default\">\n\t\t\t\t\t<div class=\"elementor-column elementor-col-100 elementor-top-column elementor-element elementor-element-f17133a\" data-id=\"f17133a\" data-element_type=\"column\">\n\t\t\t<div class=\"elementor-widget-wrap elementor-element-populated\">\n\t\t\t\t\t\t\t\t<div class=\"elementor-element elementor-element-bc9ce20 elementor-widget elementor-widget-sefu_hero\" data-id=\"bc9ce20\" data-element_type=\"widget\" data-widget_type=\"sefu_hero.default\">\n\t\t\t\t<div class=\"elementor-widget-container\">\n\t\t\t\r\n<section class=\"page-title-area page-t-height pb-140 pb-lg-120 pb-md-60 pb-xs-100\" style=\"background-image:url(http:\/\/rinextd.com\/wp-content\/uploads\/2022\/08\/about-inner.jpg)\">\r\n\r\n    <div class=\"page-title-img\" style=\"background-image:url(http:\/\/rinextd.com\/wp-content\/uploads\/2022\/08\/about-inner.jpg)\">\r\n\t\t            <h1 class=\"title-text d-lg-inline-block card-text-color \">About Us<\/h1>\r\n\t\t    <\/div>\r\n\r\n    <div class=\"container \">\r\n        <div class=\"row\">\r\n            <div class=\"col-xl-6 col-lg-12\">\r\n                <div class=\"page-title-wrapper page-wrapper-white pt-240 pt-xs-150\">\r\n\t\t\t\t\t<h3 class=\"page-title mb-35\"> <span>Rinex<\/span>, assuring investments. <\/h3>                        <div class=\"\">\r\n                            <h5 class=\"mb-15\">\r\n\t\t\t\t\t\t\t\tOkan HAN\u00c7ER ,                                    <span>Director General - Licensed Appraiser | CMB\/MRFV - Surveying Engineer<\/span>\r\n\t\t\t\t\t\t\t\t                            <\/h5>\r\n                        <\/div>\r\n\t\t\t\t\t<img loading=\"lazy\" decoding=\"async\" width=\"250\" height=\"250\" src=\"https:\/\/rinextd.com\/wp-content\/uploads\/2022\/08\/okan-hancer-prof.jpg\" class=\"d-none d-md-inline-block\" alt=\"\" srcset=\"https:\/\/rinextd.com\/wp-content\/uploads\/2022\/08\/okan-hancer-prof.jpg 250w, https:\/\/rinextd.com\/wp-content\/uploads\/2022\/08\/okan-hancer-prof-150x150.jpg 150w, https:\/\/rinextd.com\/wp-content\/uploads\/2022\/08\/okan-hancer-prof-75x75.jpg 75w, https:\/\/rinextd.com\/wp-content\/uploads\/2022\/08\/okan-hancer-prof-60x60.jpg 60w, https:\/\/rinextd.com\/wp-content\/uploads\/2022\/08\/okan-hancer-prof-57x57.jpg 57w, https:\/\/rinextd.com\/wp-content\/uploads\/2022\/08\/okan-hancer-prof-45x45.jpg 45w, https:\/\/rinextd.com\/wp-content\/uploads\/2022\/08\/okan-hancer-prof-65x65.jpg 65w, https:\/\/rinextd.com\/wp-content\/uploads\/2022\/08\/okan-hancer-prof-42x42.jpg 42w, https:\/\/rinextd.com\/wp-content\/uploads\/2022\/08\/okan-hancer-prof-53x53.jpg 53w, https:\/\/rinextd.com\/wp-content\/uploads\/2022\/08\/okan-hancer-prof-81x81.jpg 81w, https:\/\/rinextd.com\/wp-content\/uploads\/2022\/08\/okan-hancer-prof-103x103.jpg 103w\" sizes=\"auto, (max-width: 250px) 100vw, 250px\" \/>                <\/div>\r\n            <\/div>\r\n            <div class=\"slider-input-wrapper\">\r\n\r\n\t\t\t\t            <\/div>\r\n\r\n\t\t\t        <\/div>\r\n    <\/div>\r\n<\/section>\r\n        <script>\r\n            (function ($) {\r\n                $(document).ready(function () {\r\n                    $('select').niceSelect();\r\n                    \/* magnificPopup video view *\/\r\n                    $('.popup-video-open').magnificPopup({\r\n                        type: 'iframe'\r\n                    });\r\n                });\r\n            })(jQuery);\r\n        <\/script>\r\n\r\n\t\t\t\t<\/div>\n\t\t\t\t<\/div>\n\t\t\t\t\t<\/div>\n\t\t<\/div>\n\t\t\t\t\t\t\t<\/div>\n\t\t<\/section>\n\t\t\t\t<section class=\"elementor-section elementor-top-section elementor-element elementor-element-f144bab elementor-section-boxed elementor-section-height-default elementor-section-height-default\" data-id=\"f144bab\" data-element_type=\"section\">\n\t\t\t\t\t\t<div class=\"elementor-container elementor-column-gap-default\">\n\t\t\t\t\t<div class=\"elementor-column elementor-col-100 elementor-top-column elementor-element elementor-element-fac5eec\" data-id=\"fac5eec\" data-element_type=\"column\">\n\t\t\t<div class=\"elementor-widget-wrap elementor-element-populated\">\n\t\t\t\t\t\t\t\t<div class=\"elementor-element elementor-element-8747a8f elementor-widget elementor-widget-heading\" data-id=\"8747a8f\" data-element_type=\"widget\" data-widget_type=\"heading.default\">\n\t\t\t\t<div class=\"elementor-widget-container\">\n\t\t\t<style>\/*! elementor - v3.7.1 - 14-08-2022 *\/\n.elementor-heading-title{padding:0;margin:0;line-height:1}.elementor-widget-heading .elementor-heading-title[class*=elementor-size-]>a{color:inherit;font-size:inherit;line-height:inherit}.elementor-widget-heading .elementor-heading-title.elementor-size-small{font-size:15px}.elementor-widget-heading .elementor-heading-title.elementor-size-medium{font-size:19px}.elementor-widget-heading .elementor-heading-title.elementor-size-large{font-size:29px}.elementor-widget-heading .elementor-heading-title.elementor-size-xl{font-size:39px}.elementor-widget-heading .elementor-heading-title.elementor-size-xxl{font-size:59px}<\/style><h2 class=\"elementor-heading-title elementor-size-default\">WHO WE ARE<\/h2>\t\t<\/div>\n\t\t\t\t<\/div>\n\t\t\t\t<div class=\"elementor-element elementor-element-3339a15 elementor-widget elementor-widget-heading\" data-id=\"3339a15\" data-element_type=\"widget\" data-widget_type=\"heading.default\">\n\t\t\t\t<div class=\"elementor-widget-container\">\n\t\t\t<p class=\"elementor-heading-title elementor-size-default\">Okan HAN\u00c7ER, who is Real Estate Licensed Appraiser having license of the Capital Markets Board and who has advanced degree on Real Estate Finance and Appraisal, started to business life as Survey Engineer in 2004 in a private company that renders service for Construction-Mapping. He started to work as a licensed appraiser in an appraisal company having license of the Capital Markets in 2006. And he has been continuing to carry out activities within Rinex Ta\u015f\u0131nmaz De\u011ferleme Dan\u0131\u015fmanl\u0131k which was established in 2010. He fulfilled his duty in Union of Chambers of Turkish Engineers and Architects \u2013 Chamber of Survey and Cadastre Engineers in Antalya Branch as Delegate of the General Assembly for 42nd period and Member of the Board for 10 and 11th period. Since he is the founder of the amber of Survey and Cadastre Engineers in Antalya Branch for 9-10 and 11th period, he has been fulfilling duty as the Chairman of Committee for Real Estate Appraisal.<\/p>\t\t<\/div>\n\t\t\t\t<\/div>\n\t\t\t\t<div class=\"elementor-element elementor-element-c044a1d elementor-widget elementor-widget-heading\" data-id=\"c044a1d\" data-element_type=\"widget\" data-widget_type=\"heading.default\">\n\t\t\t\t<div class=\"elementor-widget-container\">\n\t\t\t<p class=\"elementor-heading-title elementor-size-default\">Our Company titled, Rinex Real Estate Appraisal Company, was established in 2010, Antalya and started to engage in activities. It has been rendering service for appraisal within the frame of IAS (International Valuation Standards) and codes of conduct on meeting demands for appraisal of natural and legal persons with Banks, Financial Institutions, Governmental Bodies and Establishments.<\/p>\t\t<\/div>\n\t\t\t\t<\/div>\n\t\t\t\t<div class=\"elementor-element elementor-element-2589543 elementor-widget elementor-widget-heading\" data-id=\"2589543\" data-element_type=\"widget\" data-widget_type=\"heading.default\">\n\t\t\t\t<div class=\"elementor-widget-container\">\n\t\t\t<p class=\"elementor-heading-title elementor-size-default\">As Company, our aim is to meet demands for appraisal report in parallel with principles of independency, honesty and reliability by using our background information that we have obtained over the years in appraisal sector.<\/p>\t\t<\/div>\n\t\t\t\t<\/div>\n\t\t\t\t\t<\/div>\n\t\t<\/div>\n\t\t\t\t\t\t\t<\/div>\n\t\t<\/section>\n\t\t\t\t<section class=\"elementor-section elementor-top-section elementor-element elementor-element-4bbe92b elementor-section-boxed elementor-section-height-default elementor-section-height-default\" data-id=\"4bbe92b\" data-element_type=\"section\">\n\t\t\t\t\t\t<div class=\"elementor-container elementor-column-gap-default\">\n\t\t\t\t\t<div class=\"elementor-column elementor-col-50 elementor-top-column elementor-element elementor-element-dded3a1\" data-id=\"dded3a1\" data-element_type=\"column\">\n\t\t\t<div class=\"elementor-widget-wrap elementor-element-populated\">\n\t\t\t\t\t\t\t\t<div class=\"elementor-element elementor-element-9752e60 elementor-align-left elementor-mobile-align-center elementor-tablet-align-center elementor-widget-tablet__width-initial elementor-widget elementor-widget-sefu_title\" data-id=\"9752e60\" data-element_type=\"widget\" data-widget_type=\"sefu_title.default\">\n\t\t\t\t<div class=\"elementor-widget-container\">\n\t\t\t        <div class=\"section-title\">\r\n            <h3 class=\"title title-alt\"> <span>Our<\/span> Certificates<br \/>\n <\/h3>        <\/div>\r\n\t\t\t\t<\/div>\n\t\t\t\t<\/div>\n\t\t\t\t\t<\/div>\n\t\t<\/div>\n\t\t\t\t<div class=\"elementor-column elementor-col-25 elementor-top-column elementor-element elementor-element-1bc73aa\" data-id=\"1bc73aa\" data-element_type=\"column\">\n\t\t\t<div class=\"elementor-widget-wrap\">\n\t\t\t\t\t\t\t\t\t<\/div>\n\t\t<\/div>\n\t\t\t\t<div class=\"elementor-column elementor-col-25 elementor-top-column elementor-element elementor-element-87ea407\" data-id=\"87ea407\" data-element_type=\"column\">\n\t\t\t<div class=\"elementor-widget-wrap\">\n\t\t\t\t\t\t\t\t\t<\/div>\n\t\t<\/div>\n\t\t\t\t\t\t\t<\/div>\n\t\t<\/section>\n\t\t\t\t<section class=\"elementor-section elementor-top-section elementor-element elementor-element-a55d853 elementor-section-boxed elementor-section-height-default elementor-section-height-default\" data-id=\"a55d853\" data-element_type=\"section\">\n\t\t\t\t\t\t<div class=\"elementor-container elementor-column-gap-default\">\n\t\t\t\t\t<div class=\"elementor-column elementor-col-100 elementor-top-column elementor-element elementor-element-ea16887\" data-id=\"ea16887\" data-element_type=\"column\">\n\t\t\t<div class=\"elementor-widget-wrap elementor-element-populated\">\n\t\t\t\t\t\t\t\t<div class=\"elementor-element elementor-element-4371609 elementor-widget elementor-widget-gallery\" data-id=\"4371609\" data-element_type=\"widget\" data-settings=\"{&quot;gallery_layout&quot;:&quot;masonry&quot;,&quot;columns&quot;:3,&quot;lazyload&quot;:&quot;yes&quot;,&quot;columns_tablet&quot;:2,&quot;columns_mobile&quot;:1,&quot;gap&quot;:{&quot;unit&quot;:&quot;px&quot;,&quot;size&quot;:10,&quot;sizes&quot;:[]},&quot;gap_tablet&quot;:{&quot;unit&quot;:&quot;px&quot;,&quot;size&quot;:10,&quot;sizes&quot;:[]},&quot;gap_mobile&quot;:{&quot;unit&quot;:&quot;px&quot;,&quot;size&quot;:10,&quot;sizes&quot;:[]},&quot;link_to&quot;:&quot;file&quot;,&quot;overlay_background&quot;:&quot;yes&quot;,&quot;content_hover_animation&quot;:&quot;fade-in&quot;}\" data-widget_type=\"gallery.default\">\n\t\t\t\t<div class=\"elementor-widget-container\">\n\t\t\t<style>\/*! elementor-pro - v3.7.2 - 15-06-2022 *\/\n.elementor-gallery__container{min-height:1px}.elementor-gallery-item{position:relative;overflow:hidden;display:block;text-decoration:none;border:solid var(--image-border-width) var(--image-border-color);border-radius:var(--image-border-radius)}.elementor-gallery-item__content,.elementor-gallery-item__overlay{height:100%;width:100%;position:absolute;top:0;left:0}.elementor-gallery-item__overlay{mix-blend-mode:var(--overlay-mix-blend-mode);-webkit-transition-duration:var(--overlay-transition-duration);-o-transition-duration:var(--overlay-transition-duration);transition-duration:var(--overlay-transition-duration);-webkit-transition-property:mix-blend-mode,opacity,background-color,-webkit-transform;transition-property:mix-blend-mode,opacity,background-color,-webkit-transform;-o-transition-property:mix-blend-mode,transform,opacity,background-color;transition-property:mix-blend-mode,transform,opacity,background-color;transition-property:mix-blend-mode,transform,opacity,background-color,-webkit-transform}.elementor-gallery-item__image.e-gallery-image{-webkit-transition-duration:var(--image-transition-duration);-o-transition-duration:var(--image-transition-duration);transition-duration:var(--image-transition-duration);-webkit-transition-property:-webkit-filter,-webkit-transform;transition-property:-webkit-filter,-webkit-transform;-o-transition-property:filter,transform;transition-property:filter,transform;transition-property:filter,transform,-webkit-filter,-webkit-transform}.elementor-gallery-item__content{display:-webkit-box;display:-ms-flexbox;display:flex;-webkit-box-orient:vertical;-webkit-box-direction:normal;-ms-flex-direction:column;flex-direction:column;-webkit-box-pack:var(--content-justify-content,center);-ms-flex-pack:var(--content-justify-content,center);justify-content:var(--content-justify-content,center);-webkit-box-align:center;-ms-flex-align:center;align-items:center;text-align:var(--content-text-align);padding:var(--content-padding)}.elementor-gallery-item__content>div{-webkit-transition-duration:var(--content-transition-duration);-o-transition-duration:var(--content-transition-duration);transition-duration:var(--content-transition-duration)}.elementor-gallery-item__content.elementor-gallery--sequenced-animation>div:nth-child(2){-webkit-transition-delay:calc((var(--content-transition-delay) \/ 3));-o-transition-delay:calc((var(--content-transition-delay) \/ 3));transition-delay:calc((var(--content-transition-delay) \/ 3))}.elementor-gallery-item__content.elementor-gallery--sequenced-animation>div:nth-child(3){-webkit-transition-delay:calc((var(--content-transition-delay) \/ 3) * 2);-o-transition-delay:calc((var(--content-transition-delay) \/ 3) * 2);transition-delay:calc((var(--content-transition-delay) \/ 3) * 2)}.elementor-gallery-item__content.elementor-gallery--sequenced-animation>div:nth-child(4){-webkit-transition-delay:calc((var(--content-transition-delay) \/ 3) * 3);-o-transition-delay:calc((var(--content-transition-delay) \/ 3) * 3);transition-delay:calc((var(--content-transition-delay) \/ 3) * 3)}.elementor-gallery-item__description{color:var(--description-text-color,#fff);width:100%}.elementor-gallery-item__title{color:var(--title-text-color,#fff);font-weight:700;width:100%}.elementor-gallery__titles-container{display:-webkit-box;display:-ms-flexbox;display:flex;-ms-flex-wrap:wrap;flex-wrap:wrap;-webkit-box-pack:var(--titles-container-justify-content,center);-ms-flex-pack:var(--titles-container-justify-content,center);justify-content:var(--titles-container-justify-content,center);margin-bottom:20px}.elementor-gallery__titles-container:not(.e--pointer-framed) .elementor-item:after,.elementor-gallery__titles-container:not(.e--pointer-framed) .elementor-item:before{background-color:var(--galleries-pointer-bg-color-hover)}.elementor-gallery__titles-container:not(.e--pointer-framed) .elementor-item.elementor-item-active:after,.elementor-gallery__titles-container:not(.e--pointer-framed) .elementor-item.elementor-item-active:before{background-color:var(--galleries-pointer-bg-color-active)}.elementor-gallery__titles-container.e--pointer-framed .elementor-item:before{border-color:var(--galleries-pointer-bg-color-hover);border-width:var(--galleries-pointer-border-width)}.elementor-gallery__titles-container.e--pointer-framed .elementor-item:after{border-color:var(--galleries-pointer-bg-color-hover)}.elementor-gallery__titles-container.e--pointer-framed .elementor-item.elementor-item-active:after,.elementor-gallery__titles-container.e--pointer-framed .elementor-item.elementor-item-active:before{border-color:var(--galleries-pointer-bg-color-active)}.elementor-gallery__titles-container.e--pointer-framed.e--animation-draw .elementor-item:before{border-left-width:var(--galleries-pointer-border-width);border-bottom-width:var(--galleries-pointer-border-width);border-right-width:0;border-top-width:0}.elementor-gallery__titles-container.e--pointer-framed.e--animation-draw .elementor-item:after{border-left-width:0;border-bottom-width:0;border-right-width:var(--galleries-pointer-border-width);border-top-width:var(--galleries-pointer-border-width)}.elementor-gallery__titles-container.e--pointer-framed.e--animation-corners .elementor-item:before{border-left-width:var(--galleries-pointer-border-width);border-bottom-width:0;border-right-width:0;border-top-width:var(--galleries-pointer-border-width)}.elementor-gallery__titles-container.e--pointer-framed.e--animation-corners .elementor-item:after{border-left-width:0;border-bottom-width:var(--galleries-pointer-border-width);border-right-width:var(--galleries-pointer-border-width);border-top-width:0}.elementor-gallery__titles-container .e--pointer-double-line .elementor-item:after,.elementor-gallery__titles-container .e--pointer-double-line .elementor-item:before,.elementor-gallery__titles-container .e--pointer-overline .elementor-item:before,.elementor-gallery__titles-container .e--pointer-underline .elementor-item:after{height:var(--galleries-pointer-border-width)}.elementor-gallery-title{--space-between:10px;cursor:pointer;color:#6d7882;font-weight:500;position:relative;padding:7px 14px;-webkit-transition:all .3s;-o-transition:all .3s;transition:all .3s}.elementor-gallery-title--active{color:#495157}.elementor-gallery-title:not(:last-child){margin-right:var(--space-between)}.elementor-gallery-item__title+.elementor-gallery-item__description{margin-top:var(--description-margin-top)}.e-gallery-item.elementor-gallery-item{-webkit-transition-property:all;-o-transition-property:all;transition-property:all}.e-gallery-item.elementor-animated-content .elementor-animated-item--enter-from-bottom,.e-gallery-item.elementor-animated-content .elementor-animated-item--enter-from-left,.e-gallery-item.elementor-animated-content .elementor-animated-item--enter-from-right,.e-gallery-item.elementor-animated-content .elementor-animated-item--enter-from-top,.e-gallery-item:hover .elementor-gallery__item-overlay-bg,.e-gallery-item:hover .elementor-gallery__item-overlay-content,.e-gallery-item:hover .elementor-gallery__item-overlay-content__description,.e-gallery-item:hover .elementor-gallery__item-overlay-content__title{opacity:1}a.elementor-item.elementor-gallery-title{color:var(--galleries-title-color-normal)}a.elementor-item.elementor-gallery-title.elementor-item-active,a.elementor-item.elementor-gallery-title.highlighted,a.elementor-item.elementor-gallery-title:focus,a.elementor-item.elementor-gallery-title:hover{color:var(--galleries-title-color-hover)}a.elementor-item.elementor-gallery-title.elementor-item-active{color:var(--gallery-title-color-active)}.e-container .elementor-widget-gallery{-webkit-box-flex:1;-ms-flex-positive:1;flex-grow:1}<\/style>\t\t<div class=\"elementor-gallery__container\">\n\t\t\t\t\t\t\t<a class=\"e-gallery-item elementor-gallery-item elementor-animated-content\" href=\"https:\/\/rinextd.com\/wp-content\/uploads\/2022\/08\/cert-1.png\" data-elementor-open-lightbox=\"yes\" data-elementor-lightbox-slideshow=\"all-4371609\" data-elementor-lightbox-title=\"cert-1\" e-action-hash=\"#elementor-action%3Aaction%3Dlightbox%26settings%3DeyJpZCI6MTA4NjksInVybCI6Imh0dHBzOlwvXC9yaW5leHRkLmNvbVwvd3AtY29udGVudFwvdXBsb2Fkc1wvMjAyMlwvMDhcL2NlcnQtMS5wbmciLCJzbGlkZXNob3ciOiJhbGwtNDM3MTYwOSJ9\">\n\t\t\t\t\t<div class=\"e-gallery-image elementor-gallery-item__image\" data-thumbnail=\"https:\/\/rinextd.com\/wp-content\/uploads\/2022\/08\/cert-1-194x300.png\" data-width=\"194\" data-height=\"300\" alt=\"\" ><\/div>\n\t\t\t\t\t\t\t\t\t\t\t<div class=\"elementor-gallery-item__overlay\"><\/div>\n\t\t\t\t\t\t\t\t\t\t\t\t\t\t<\/a>\n\t\t\t\t\t\t\t<a class=\"e-gallery-item elementor-gallery-item elementor-animated-content\" href=\"https:\/\/rinextd.com\/wp-content\/uploads\/2022\/08\/cert-2.png\" data-elementor-open-lightbox=\"yes\" data-elementor-lightbox-slideshow=\"all-4371609\" data-elementor-lightbox-title=\"cert-2\" e-action-hash=\"#elementor-action%3Aaction%3Dlightbox%26settings%3DeyJpZCI6MTA4NzAsInVybCI6Imh0dHBzOlwvXC9yaW5leHRkLmNvbVwvd3AtY29udGVudFwvdXBsb2Fkc1wvMjAyMlwvMDhcL2NlcnQtMi5wbmciLCJzbGlkZXNob3ciOiJhbGwtNDM3MTYwOSJ9\">\n\t\t\t\t\t<div class=\"e-gallery-image elementor-gallery-item__image\" data-thumbnail=\"https:\/\/rinextd.com\/wp-content\/uploads\/2022\/08\/cert-2.png\" data-width=\"250\" data-height=\"178\" alt=\"\" ><\/div>\n\t\t\t\t\t\t\t\t\t\t\t<div class=\"elementor-gallery-item__overlay\"><\/div>\n\t\t\t\t\t\t\t\t\t\t\t\t\t\t<\/a>\n\t\t\t\t\t\t\t<a class=\"e-gallery-item elementor-gallery-item elementor-animated-content\" href=\"https:\/\/rinextd.com\/wp-content\/uploads\/2022\/08\/cert-3.png\" data-elementor-open-lightbox=\"yes\" data-elementor-lightbox-slideshow=\"all-4371609\" data-elementor-lightbox-title=\"cert-3\" e-action-hash=\"#elementor-action%3Aaction%3Dlightbox%26settings%3DeyJpZCI6MTA4NzEsInVybCI6Imh0dHBzOlwvXC9yaW5leHRkLmNvbVwvd3AtY29udGVudFwvdXBsb2Fkc1wvMjAyMlwvMDhcL2NlcnQtMy5wbmciLCJzbGlkZXNob3ciOiJhbGwtNDM3MTYwOSJ9\">\n\t\t\t\t\t<div class=\"e-gallery-image elementor-gallery-item__image\" data-thumbnail=\"https:\/\/rinextd.com\/wp-content\/uploads\/2022\/08\/cert-3-300x210.png\" data-width=\"300\" data-height=\"210\" alt=\"\" ><\/div>\n\t\t\t\t\t\t\t\t\t\t\t<div class=\"elementor-gallery-item__overlay\"><\/div>\n\t\t\t\t\t\t\t\t\t\t\t\t\t\t<\/a>\n\t\t\t\t\t\t\t<a class=\"e-gallery-item elementor-gallery-item elementor-animated-content\" href=\"https:\/\/rinextd.com\/wp-content\/uploads\/2022\/08\/cert-4.png\" data-elementor-open-lightbox=\"yes\" data-elementor-lightbox-slideshow=\"all-4371609\" data-elementor-lightbox-title=\"cert-4\" e-action-hash=\"#elementor-action%3Aaction%3Dlightbox%26settings%3DeyJpZCI6MTA4NzIsInVybCI6Imh0dHBzOlwvXC9yaW5leHRkLmNvbVwvd3AtY29udGVudFwvdXBsb2Fkc1wvMjAyMlwvMDhcL2NlcnQtNC5wbmciLCJzbGlkZXNob3ciOiJhbGwtNDM3MTYwOSJ9\">\n\t\t\t\t\t<div class=\"e-gallery-image elementor-gallery-item__image\" data-thumbnail=\"https:\/\/rinextd.com\/wp-content\/uploads\/2022\/08\/cert-4-211x300.png\" data-width=\"211\" data-height=\"300\" alt=\"\" ><\/div>\n\t\t\t\t\t\t\t\t\t\t\t<div class=\"elementor-gallery-item__overlay\"><\/div>\n\t\t\t\t\t\t\t\t\t\t\t\t\t\t<\/a>\n\t\t\t\t\t\t\t<a class=\"e-gallery-item elementor-gallery-item elementor-animated-content\" href=\"https:\/\/rinextd.com\/wp-content\/uploads\/2022\/08\/cert-5.png\" data-elementor-open-lightbox=\"yes\" data-elementor-lightbox-slideshow=\"all-4371609\" data-elementor-lightbox-title=\"cert-5\" e-action-hash=\"#elementor-action%3Aaction%3Dlightbox%26settings%3DeyJpZCI6MTA4NzMsInVybCI6Imh0dHBzOlwvXC9yaW5leHRkLmNvbVwvd3AtY29udGVudFwvdXBsb2Fkc1wvMjAyMlwvMDhcL2NlcnQtNS5wbmciLCJzbGlkZXNob3ciOiJhbGwtNDM3MTYwOSJ9\">\n\t\t\t\t\t<div class=\"e-gallery-image elementor-gallery-item__image\" data-thumbnail=\"https:\/\/rinextd.com\/wp-content\/uploads\/2022\/08\/cert-5.png\" data-width=\"273\" data-height=\"195\" alt=\"\" ><\/div>\n\t\t\t\t\t\t\t\t\t\t\t<div class=\"elementor-gallery-item__overlay\"><\/div>\n\t\t\t\t\t\t\t\t\t\t\t\t\t\t<\/a>\n\t\t\t\t\t<\/div>\n\t\t\t<\/div>\n\t\t\t\t<\/div>\n\t\t\t\t\t<\/div>\n\t\t<\/div>\n\t\t\t\t\t\t\t<\/div>\n\t\t<\/section>\n\t\t\t\t\t\t\t<\/div>\n\t\t","protected":false},"excerpt":{"rendered":"<p>About Us Rinex, assuring investments. Okan HAN\u00c7ER , Director General &#8211; Licensed Appraiser | CMB\/MRFV &#8211; Surveying Engineer WHO WE ARE Okan HAN\u00c7ER, who is Real Estate Licensed Appraiser having license of the Capital Markets Board and who has advanced degree on Real Estate Finance and Appraisal, started to business life as Survey Engineer in [&hellip;]<\/p>\n","protected":false},"author":1,"featured_media":0,"parent":0,"menu_order":0,"comment_status":"closed","ping_status":"closed","template":"elementor_header_footer","meta":{"footnotes":""},"class_list":["post-10862","page","type-page","status-publish","hentry","no-post-thumbnail"],"acf":[],"_links":{"self":[{"href":"https:\/\/rinextd.com\/en\/wp-json\/wp\/v2\/pages\/10862","targetHints":{"allow":["GET"]}}],"collection":[{"href":"https:\/\/rinextd.com\/en\/wp-json\/wp\/v2\/pages"}],"about":[{"href":"https:\/\/rinextd.com\/en\/wp-json\/wp\/v2\/types\/page"}],"author":[{"embeddable":true,"href":"https:\/\/rinextd.com\/en\/wp-json\/wp\/v2\/users\/1"}],"replies":[{"embeddable":true,"href":"https:\/\/rinextd.com\/en\/wp-json\/wp\/v2\/comments?post=10862"}],"version-history":[{"count":5,"href":"https:\/\/rinextd.com\/en\/wp-json\/wp\/v2\/pages\/10862\/revisions"}],"predecessor-version":[{"id":10876,"href":"https:\/\/rinextd.com\/en\/wp-json\/wp\/v2\/pages\/10862\/revisions\/10876"}],"wp:attachment":[{"href":"https:\/\/rinextd.com\/en\/wp-json\/wp\/v2\/media?parent=10862"}],"curies":[{"name":"wp","href":"https:\/\/api.w.org\/{rel}","templated":true}]}}